{"id":696,"date":"2021-03-23T19:55:30","date_gmt":"2021-03-23T16:55:30","guid":{"rendered":"https:\/\/www.grafas.org\/demo09\/?page_id=696"},"modified":"2024-02-09T09:52:27","modified_gmt":"2024-02-09T08:52:27","slug":"program","status":"publish","type":"page","link":"https:\/\/consulat-seychelles.mc\/?page_id=696","title":{"rendered":"Ev\u00e9nements"},"content":{"rendered":"<style>.kb-row-layout-id696_e4aaed-95 > .kt-row-column-wrap{align-content:start;}:where(.kb-row-layout-id696_e4aaed-95 > .kt-row-column-wrap) > .wp-block-kadence-column{justify-content:start;}.kb-row-layout-id696_e4aaed-95 > .kt-row-column-wrap{column-gap:var(--global-kb-gap-md, 2rem);row-gap:var(--global-kb-gap-md, 2rem);max-width:var( --global-content-width, 1290px );padding-left:var(--global-content-edge-padding);padding-right:var(--global-content-edge-padding);padding-top:132px;padding-bottom:137px;padding-left:30px;grid-template-columns:minmax(0, 1fr);}.kb-row-layout-id696_e4aaed-95 > .kt-row-layout-overlay{opacity:0.30;}.kb-row-layout-id696_e4aaed-95 .kt-row-layout-bottom-sep{height:185px;}.kb-row-layout-id696_e4aaed-95 .kt-row-layout-bottom-sep svg{width:140%;}.kb-row-layout-id696_e4aaed-95 .kt-row-layout-bottom-sep svg{fill:var(--global-palette9, #ffffff)!important;}@media all and (max-width: 1024px){.kb-row-layout-id696_e4aaed-95 > .kt-row-column-wrap{grid-template-columns:minmax(0, 1fr);}}@media all and (max-width: 1024px){.kb-row-layout-id696_e4aaed-95 .kt-row-layout-bottom-sep{height:px;}}@media all and (max-width: 1024px){.kb-row-layout-id696_e4aaed-95 .kt-row-layout-bottom-sep svg{width:%;}}@media all and (max-width: 767px){.kb-row-layout-id696_e4aaed-95 > .kt-row-column-wrap{grid-template-columns:minmax(0, 1fr);}.kb-row-layout-id696_e4aaed-95 .kt-row-layout-bottom-sep{height:px;}.kb-row-layout-id696_e4aaed-95 .kt-row-layout-bottom-sep svg{width:%;}}<\/style><div class=\"kb-row-layout-wrap kb-row-layout-id696_e4aaed-95 alignfull has-theme-palette3-background-color kt-row-has-bg wp-block-kadence-rowlayout\"><div class=\"kt-row-layout-bottom-sep kt-row-sep-type-mtns\"><svg viewBox=\"0 0 1000 100\" preserveAspectRatio=\"none\"><path d=\"M1000,50l-182.69,-45.286l-292.031,61.197l-190.875,-41.075l-143.748,28.794l-190.656,-23.63l0,70l1000,0l0,-50Z\" style=\"opacity: 0.4\" \/><path d=\"M1000,57l-152.781,-22.589l-214.383,19.81l-159.318,-21.471l-177.44,25.875l-192.722,5.627l-103.356,-27.275l0,63.023l1000,0l0,-43Z\" \/><\/svg><\/div><div class=\"kt-row-column-wrap kt-has-1-columns kt-row-layout-equal kt-tab-layout-inherit kt-mobile-layout-row kt-row-valign-top kb-theme-content-width\">\n<style>.kadence-column696_9904f9-dd > .kt-inside-inner-col,.kadence-column696_9904f9-dd > .kt-inside-inner-col:before{border-top-left-radius:0px;border-top-right-radius:0px;border-bottom-right-radius:0px;border-bottom-left-radius:0px;}.kadence-column696_9904f9-dd > .kt-inside-inner-col{column-gap:var(--global-kb-gap-sm, 1rem);}.kadence-column696_9904f9-dd > .kt-inside-inner-col{flex-direction:column;}.kadence-column696_9904f9-dd > .kt-inside-inner-col > .aligncenter{width:100%;}.kadence-column696_9904f9-dd > .kt-inside-inner-col:before{opacity:0.3;}.kadence-column696_9904f9-dd{position:relative;}@media all and (max-width: 1024px){.kadence-column696_9904f9-dd > .kt-inside-inner-col{flex-direction:column;justify-content:center;}}@media all and (max-width: 767px){.kadence-column696_9904f9-dd > .kt-inside-inner-col{flex-direction:column;justify-content:center;}}<\/style>\n<div class=\"wp-block-kadence-column kadence-column696_9904f9-dd inner-column-1\"><div class=\"kt-inside-inner-col\"><style>.kb-row-layout-id696_5908ce-6e > .kt-row-column-wrap{align-content:start;}:where(.kb-row-layout-id696_5908ce-6e > .kt-row-column-wrap) > .wp-block-kadence-column{justify-content:start;}.kb-row-layout-id696_5908ce-6e > .kt-row-column-wrap{column-gap:var(--global-kb-gap-md, 2rem);row-gap:var(--global-kb-gap-md, 2rem);padding-top:0px;padding-bottom:0px;grid-template-columns:minmax(0, 1fr);}.kb-row-layout-id696_5908ce-6e > .kt-row-layout-overlay{opacity:0.30;}.kb-row-layout-id696_5908ce-6e .kt-row-layout-bottom-sep{height:100px;}.kb-row-layout-id696_5908ce-6e .kt-row-layout-bottom-sep svg{width:100%;}.kb-row-layout-id696_5908ce-6e .kt-row-layout-bottom-sep svg{fill:#ffffff!important;}@media all and (max-width: 1024px){.kb-row-layout-id696_5908ce-6e > .kt-row-column-wrap{grid-template-columns:minmax(0, 1fr);}}@media all and (max-width: 1024px){.kb-row-layout-id696_5908ce-6e .kt-row-layout-bottom-sep{height:px;}}@media all and (max-width: 1024px){.kb-row-layout-id696_5908ce-6e .kt-row-layout-bottom-sep svg{width:%;}}@media all and (max-width: 767px){.kb-row-layout-id696_5908ce-6e > .kt-row-column-wrap{grid-template-columns:minmax(0, 1fr);}.kb-row-layout-id696_5908ce-6e .kt-row-layout-bottom-sep{height:px;}.kb-row-layout-id696_5908ce-6e .kt-row-layout-bottom-sep svg{width:%;}}<\/style><div class=\"kb-row-layout-wrap kb-row-layout-id696_5908ce-6e alignnone wp-block-kadence-rowlayout\"><div class=\"kt-row-column-wrap kt-has-1-columns kt-row-layout-equal kt-tab-layout-inherit kt-mobile-layout-row kt-row-valign-top\">\n<style>.kadence-column696_d867a3-56 > .kt-inside-inner-col,.kadence-column696_d867a3-56 > .kt-inside-inner-col:before{border-top-left-radius:0px;border-top-right-radius:0px;border-bottom-right-radius:0px;border-bottom-left-radius:0px;}.kadence-column696_d867a3-56 > .kt-inside-inner-col{column-gap:var(--global-kb-gap-sm, 1rem);}.kadence-column696_d867a3-56 > .kt-inside-inner-col{flex-direction:column;}.kadence-column696_d867a3-56 > .kt-inside-inner-col > .aligncenter{width:100%;}.kadence-column696_d867a3-56 > .kt-inside-inner-col:before{opacity:0.3;}.kadence-column696_d867a3-56{position:relative;}@media all and (max-width: 1024px){.kadence-column696_d867a3-56 > .kt-inside-inner-col{flex-direction:column;justify-content:center;}}@media all and (max-width: 767px){.kadence-column696_d867a3-56 > .kt-inside-inner-col{flex-direction:column;justify-content:center;}}<\/style>\n<div class=\"wp-block-kadence-column kadence-column696_d867a3-56\"><div class=\"kt-inside-inner-col\">\n<h2 class=\"wp-block-heading has-text-align-center has-larger-font-size\"><mark style=\"background-color:rgba(0, 0, 0, 0)\" class=\"has-inline-color has-theme-palette-7-color\">\u00c9v\u00e9nements \u00e0 venir<\/mark><\/h2>\n<\/div><\/div>\n\n<\/div><\/div><\/div><\/div>\n\n<\/div><\/div>\n\n<style>.kb-row-layout-wrap.wp-block-kadence-rowlayout.kb-row-layout-id696_3fd889-d0{margin-bottom:var(--global-kb-spacing-md, 2rem);}.kb-row-layout-id696_3fd889-d0 > .kt-row-column-wrap{align-content:center;}:where(.kb-row-layout-id696_3fd889-d0 > .kt-row-column-wrap) > .wp-block-kadence-column{justify-content:center;}.kb-row-layout-id696_3fd889-d0 > .kt-row-column-wrap{column-gap:var(--global-kb-gap-md, 2rem);row-gap:var(--global-kb-gap-md, 2rem);max-width:1094px;margin-left:auto;margin-right:auto;padding-top:0px;grid-template-columns:minmax(0, 1fr);}.kb-row-layout-id696_3fd889-d0{background-image:url('https:\/\/consulat-seychelles.mc\/wp-content\/uploads\/2021\/03\/main_bg_02.png');background-size:cover;background-position:46% 23%;background-attachment:scroll;background-repeat:no-repeat;}.kb-row-layout-id696_3fd889-d0 > .kt-row-layout-overlay{opacity:0.30;}.kb-row-layout-id696_3fd889-d0 .kt-row-layout-bottom-sep{height:100px;}.kb-row-layout-id696_3fd889-d0 .kt-row-layout-bottom-sep svg{width:100%;}.kb-row-layout-id696_3fd889-d0 .kt-row-layout-bottom-sep svg{fill:#ffffff!important;}.kb-row-layout-id696_3fd889-d0 .kt-row-layout-top-sep{height:70px;}.kb-row-layout-id696_3fd889-d0 .kt-row-layout-top-sep svg{width:100%;}.kb-row-layout-id696_3fd889-d0 .kt-row-layout-top-sep svg{fill:var(--global-palette9, #ffffff)!important;}@media all and (max-width: 1024px){.kb-row-layout-id696_3fd889-d0 > .kt-row-column-wrap{grid-template-columns:minmax(0, 1fr);}}@media all and (max-width: 1024px){.kb-row-layout-id696_3fd889-d0 .kt-row-layout-bottom-sep{height:px;}}@media all and (max-width: 1024px){.kb-row-layout-id696_3fd889-d0 .kt-row-layout-bottom-sep svg{width:%;}}@media all and (max-width: 767px){.kb-row-layout-id696_3fd889-d0 > .kt-row-column-wrap{padding-right:0px;padding-left:0px;grid-template-columns:minmax(0, 1fr);}.kb-row-layout-id696_3fd889-d0 .kt-row-layout-bottom-sep{height:px;}.kb-row-layout-id696_3fd889-d0 .kt-row-layout-bottom-sep svg{width:%;}}<\/style><div class=\"kb-row-layout-wrap kb-row-layout-id696_3fd889-d0 alignnone kt-row-has-bg wp-block-kadence-rowlayout\"><div class=\"kt-row-layout-top-sep kt-row-sep-type-mtns\"><svg viewBox=\"0 0 1000 100\" preserveAspectRatio=\"none\"><path d=\"M1000,50l-182.69,-45.286l-292.031,61.197l-190.875,-41.075l-143.748,28.794l-190.656,-23.63l0,70l1000,0l0,-50Z\" style=\"opacity: 0.4\" \/><path d=\"M1000,57l-152.781,-22.589l-214.383,19.81l-159.318,-21.471l-177.44,25.875l-192.722,5.627l-103.356,-27.275l0,63.023l1000,0l0,-43Z\" \/><\/svg><\/div><div class=\"kt-row-column-wrap kt-has-1-columns kt-row-layout-equal kt-tab-layout-inherit kt-mobile-layout-row kt-row-valign-middle\">\n<style>.kadence-column696_8479c1-f9 > .kt-inside-inner-col,.kadence-column696_8479c1-f9 > .kt-inside-inner-col:before{border-top-left-radius:0px;border-top-right-radius:0px;border-bottom-right-radius:0px;border-bottom-left-radius:0px;}.kadence-column696_8479c1-f9 > .kt-inside-inner-col{column-gap:var(--global-kb-gap-sm, 1rem);}.kadence-column696_8479c1-f9 > .kt-inside-inner-col{flex-direction:column;}.kadence-column696_8479c1-f9 > .kt-inside-inner-col > .aligncenter{width:100%;}.kadence-column696_8479c1-f9 > .kt-inside-inner-col:before{opacity:0.3;}.kadence-column696_8479c1-f9{position:relative;}.kadence-column696_8479c1-f9, .kt-inside-inner-col > .kadence-column696_8479c1-f9:not(.specificity){margin-bottom:var(--global-kb-spacing-xs, 1rem);}@media all and (max-width: 1024px){.kadence-column696_8479c1-f9 > .kt-inside-inner-col{flex-direction:column;justify-content:center;}}@media all and (max-width: 767px){.kadence-column696_8479c1-f9 > .kt-inside-inner-col{flex-direction:column;justify-content:center;}}<\/style>\n<div class=\"wp-block-kadence-column kadence-column696_8479c1-f9 inner-column-1\"><div class=\"kt-inside-inner-col\"><style>.kb-row-layout-wrap.wp-block-kadence-rowlayout.kb-row-layout-id696_dd5cdf-43{margin-bottom:var(--global-kb-spacing-xxs, 0.5rem);}.kb-row-layout-id696_dd5cdf-43 > .kt-row-column-wrap{align-content:start;}:where(.kb-row-layout-id696_dd5cdf-43 > .kt-row-column-wrap) > .wp-block-kadence-column{justify-content:start;}.kb-row-layout-id696_dd5cdf-43 > .kt-row-column-wrap{column-gap:var(--global-kb-gap-md, 2rem);row-gap:var(--global-kb-gap-md, 2rem);max-width:700px;margin-left:auto;margin-right:auto;padding-bottom:var(--global-kb-spacing-sm, 1.5rem);grid-template-columns:minmax(0, 1fr);}.kb-row-layout-id696_dd5cdf-43 > .kt-row-layout-overlay{opacity:0.30;}@media all and (max-width: 1024px){.kb-row-layout-id696_dd5cdf-43 > .kt-row-column-wrap{grid-template-columns:minmax(0, 1fr);}}@media all and (max-width: 767px){.kb-row-layout-id696_dd5cdf-43 > .kt-row-column-wrap{padding-right:0px;padding-left:0px;grid-template-columns:minmax(0, 1fr);}}<\/style><div class=\"kb-row-layout-wrap kb-row-layout-id696_dd5cdf-43 alignnone wp-block-kadence-rowlayout\"><div class=\"kt-row-column-wrap kt-has-1-columns kt-row-layout-equal kt-tab-layout-inherit kt-mobile-layout-row kt-row-valign-top\">\n<style>.kadence-column696_f7e609-21 > .kt-inside-inner-col{padding-top:0px;}.kadence-column696_f7e609-21 > .kt-inside-inner-col,.kadence-column696_f7e609-21 > .kt-inside-inner-col:before{border-top-left-radius:0px;border-top-right-radius:0px;border-bottom-right-radius:0px;border-bottom-left-radius:0px;}.kadence-column696_f7e609-21 > .kt-inside-inner-col{column-gap:var(--global-kb-gap-sm, 1rem);}.kadence-column696_f7e609-21 > .kt-inside-inner-col{flex-direction:column;}.kadence-column696_f7e609-21 > .kt-inside-inner-col > .aligncenter{width:100%;}.kadence-column696_f7e609-21 > .kt-inside-inner-col:before{opacity:0.3;}.kadence-column696_f7e609-21{position:relative;}.kadence-column696_f7e609-21, .kt-inside-inner-col > .kadence-column696_f7e609-21:not(.specificity){margin-top:0px;}@media all and (max-width: 1024px){.kadence-column696_f7e609-21 > .kt-inside-inner-col{flex-direction:column;justify-content:center;}}@media all and (max-width: 767px){.kadence-column696_f7e609-21 > .kt-inside-inner-col{padding-right:0px;padding-left:0px;flex-direction:column;justify-content:center;}}<\/style>\n<div class=\"wp-block-kadence-column kadence-column696_f7e609-21 inner-column-1\"><div class=\"kt-inside-inner-col\"><style>.wp-block-kadence-advancedheading.kt-adv-heading696_8c39d1-b9, .wp-block-kadence-advancedheading.kt-adv-heading696_8c39d1-b9[data-kb-block=\"kb-adv-heading696_8c39d1-b9\"]{padding-top:0px;padding-bottom:20px;margin-top:0px;text-align:center;font-size:var(--global-kb-font-size-xl, 3rem);font-style:normal;}.wp-block-kadence-advancedheading.kt-adv-heading696_8c39d1-b9 mark.kt-highlight, .wp-block-kadence-advancedheading.kt-adv-heading696_8c39d1-b9[data-kb-block=\"kb-adv-heading696_8c39d1-b9\"] mark.kt-highlight{font-style:normal;color:#f76a0c;-webkit-box-decoration-break:clone;box-decoration-break:clone;padding-top:0px;padding-right:0px;padding-bottom:0px;padding-left:0px;}.wp-block-kadence-advancedheading.kt-adv-heading696_8c39d1-b9 img.kb-inline-image, .wp-block-kadence-advancedheading.kt-adv-heading696_8c39d1-b9[data-kb-block=\"kb-adv-heading696_8c39d1-b9\"] img.kb-inline-image{width:150px;vertical-align:baseline;}@media all and (max-width: 767px){.wp-block-kadence-advancedheading.kt-adv-heading696_8c39d1-b9, .wp-block-kadence-advancedheading.kt-adv-heading696_8c39d1-b9[data-kb-block=\"kb-adv-heading696_8c39d1-b9\"]{line-height:55px;}}<\/style>\n<h3 class=\"kt-adv-heading696_8c39d1-b9 wp-block-kadence-advancedheading has-theme-palette-3-color has-text-color\" data-kb-block=\"kb-adv-heading696_8c39d1-b9\">Agenda<\/h3>\n<\/div><\/div>\n\n<\/div><\/div>\n\n<style>.kb-posts-id-696_6b28fc-26 .entry.loop-entry .entry-header .entry-title{font-size:var(--global-kb-font-size-lg, 2rem);text-transform:uppercase;}.kb-posts-id-696_6b28fc-26 .kb-post-list-item{display:grid;}<\/style><p>Aucun article<\/p><\/div><\/div>\n\n<\/div><\/div>","protected":false},"excerpt":{"rendered":"<p>\u00c9v\u00e9nements \u00e0 venir Agenda<\/p>\n","protected":false},"author":1,"featured_media":0,"parent":0,"menu_order":0,"comment_status":"closed","ping_status":"closed","template":"","meta":{"_EventAllDay":false,"_EventTimezone":"","_EventStartDate":"","_EventEndDate":"","_EventStartDateUTC":"","_EventEndDateUTC":"","_EventShowMap":false,"_EventShowMapLink":false,"_EventURL":"","_EventCost":"","_EventCostDescription":"","_EventCurrencySymbol":"","_EventCurrencyCode":"","_EventCurrencyPosition":"","_EventDateTimeSeparator":"","_EventTimeRangeSeparator":"","_EventOrganizerID":[],"_EventVenueID":[],"_OrganizerEmail":"","_OrganizerPhone":"","_OrganizerWebsite":"","_VenueAddress":"","_VenueCity":"","_VenueCountry":"","_VenueProvince":"","_VenueState":"","_VenueZip":"","_VenuePhone":"","_VenueURL":"","_VenueStateProvince":"","_VenueLat":"","_VenueLng":"","_VenueShowMap":false,"_VenueShowMapLink":false,"_kadence_starter_templates_imported_post":true,"_kad_post_transparent":"","_kad_post_title":"hide","_kad_post_layout":"fullwidth","_kad_post_sidebar_id":"","_kad_post_content_style":"unboxed","_kad_post_vertical_padding":"hide","_kad_post_feature":"hide","_kad_post_feature_position":"","_kad_post_header":false,"_kad_post_footer":false,"footnotes":""},"class_list":["post-696","page","type-page","status-publish","hentry"],"_links":{"self":[{"href":"https:\/\/consulat-seychelles.mc\/index.php?rest_route=\/wp\/v2\/pages\/696"}],"collection":[{"href":"https:\/\/consulat-seychelles.mc\/index.php?rest_route=\/wp\/v2\/pages"}],"about":[{"href":"https:\/\/consulat-seychelles.mc\/index.php?rest_route=\/wp\/v2\/types\/page"}],"author":[{"embeddable":true,"href":"https:\/\/consulat-seychelles.mc\/index.php?rest_route=\/wp\/v2\/users\/1"}],"replies":[{"embeddable":true,"href":"https:\/\/consulat-seychelles.mc\/index.php?rest_route=%2Fwp%2Fv2%2Fcomments&post=696"}],"version-history":[{"count":20,"href":"https:\/\/consulat-seychelles.mc\/index.php?rest_route=\/wp\/v2\/pages\/696\/revisions"}],"predecessor-version":[{"id":2825,"href":"https:\/\/consulat-seychelles.mc\/index.php?rest_route=\/wp\/v2\/pages\/696\/revisions\/2825"}],"wp:attachment":[{"href":"https:\/\/consulat-seychelles.mc\/index.php?rest_route=%2Fwp%2Fv2%2Fmedia&parent=696"}],"curies":[{"name":"wp","href":"https:\/\/api.w.org\/{rel}","templated":true}]}}