{"id":1527,"date":"2023-10-31T16:45:16","date_gmt":"2023-10-31T15:45:16","guid":{"rendered":"https:\/\/consulat-seychelles.mc\/?page_id=1527"},"modified":"2024-10-21T16:06:32","modified_gmt":"2024-10-21T14:06:32","slug":"contact","status":"publish","type":"page","link":"https:\/\/consulat-seychelles.mc\/?page_id=1527","title":{"rendered":"Contact"},"content":{"rendered":"<style>.kb-row-layout-id1527_725570-88 > .kt-row-column-wrap{align-content:start;}:where(.kb-row-layout-id1527_725570-88 > .kt-row-column-wrap) > .wp-block-kadence-column{justify-content:start;}.kb-row-layout-id1527_725570-88 > .kt-row-column-wrap{column-gap:var(--global-kb-gap-md, 2rem);row-gap:var(--global-kb-gap-md, 2rem);max-width:var( --global-content-width, 1290px );padding-left:var(--global-content-edge-padding);padding-right:var(--global-content-edge-padding);padding-top:98px;padding-bottom:158px;padding-left:30px;grid-template-columns:minmax(0, 1fr);}.kb-row-layout-id1527_725570-88 > .kt-row-layout-overlay{opacity:0.30;}.kb-row-layout-id1527_725570-88 .kt-row-layout-bottom-sep{height:185px;}.kb-row-layout-id1527_725570-88 .kt-row-layout-bottom-sep svg{width:140%;}.kb-row-layout-id1527_725570-88 .kt-row-layout-bottom-sep svg{fill:var(--global-palette9, #ffffff)!important;}@media all and (max-width: 1024px){.kb-row-layout-id1527_725570-88 > .kt-row-column-wrap{grid-template-columns:minmax(0, 1fr);}}@media all and (max-width: 1024px){.kb-row-layout-id1527_725570-88 .kt-row-layout-bottom-sep{height:px;}}@media all and (max-width: 1024px){.kb-row-layout-id1527_725570-88 .kt-row-layout-bottom-sep svg{width:%;}}@media all and (max-width: 767px){.kb-row-layout-id1527_725570-88 > .kt-row-column-wrap{grid-template-columns:minmax(0, 1fr);}.kb-row-layout-id1527_725570-88 .kt-row-layout-bottom-sep{height:px;}.kb-row-layout-id1527_725570-88 .kt-row-layout-bottom-sep svg{width:%;}}<\/style><div class=\"kb-row-layout-wrap kb-row-layout-id1527_725570-88 alignfull has-theme-palette3-background-color kt-row-has-bg wp-block-kadence-rowlayout\"><div class=\"kt-row-layout-bottom-sep kt-row-sep-type-mtns\"><svg viewBox=\"0 0 1000 100\" preserveAspectRatio=\"none\"><path d=\"M1000,50l-182.69,-45.286l-292.031,61.197l-190.875,-41.075l-143.748,28.794l-190.656,-23.63l0,70l1000,0l0,-50Z\" style=\"opacity: 0.4\" \/><path d=\"M1000,57l-152.781,-22.589l-214.383,19.81l-159.318,-21.471l-177.44,25.875l-192.722,5.627l-103.356,-27.275l0,63.023l1000,0l0,-43Z\" \/><\/svg><\/div><div class=\"kt-row-column-wrap kt-has-1-columns kt-row-layout-equal kt-tab-layout-inherit kt-mobile-layout-row kt-row-valign-top kb-theme-content-width\">\n<style>.kadence-column1527_c87a6d-0e > .kt-inside-inner-col,.kadence-column1527_c87a6d-0e > .kt-inside-inner-col:before{border-top-left-radius:0px;border-top-right-radius:0px;border-bottom-right-radius:0px;border-bottom-left-radius:0px;}.kadence-column1527_c87a6d-0e > .kt-inside-inner-col{column-gap:var(--global-kb-gap-sm, 1rem);}.kadence-column1527_c87a6d-0e > .kt-inside-inner-col{flex-direction:column;}.kadence-column1527_c87a6d-0e > .kt-inside-inner-col > .aligncenter{width:100%;}.kadence-column1527_c87a6d-0e > .kt-inside-inner-col:before{opacity:0.3;}.kadence-column1527_c87a6d-0e{position:relative;}@media all and (max-width: 1024px){.kadence-column1527_c87a6d-0e > .kt-inside-inner-col{flex-direction:column;justify-content:center;}}@media all and (max-width: 767px){.kadence-column1527_c87a6d-0e > .kt-inside-inner-col{flex-direction:column;justify-content:center;}}<\/style>\n<div class=\"wp-block-kadence-column kadence-column1527_c87a6d-0e inner-column-1\"><div class=\"kt-inside-inner-col\"><style>.kb-row-layout-id1527_c2f986-a6 > .kt-row-column-wrap{align-content:start;}:where(.kb-row-layout-id1527_c2f986-a6 > .kt-row-column-wrap) > .wp-block-kadence-column{justify-content:start;}.kb-row-layout-id1527_c2f986-a6 > .kt-row-column-wrap{column-gap:var(--global-kb-gap-md, 2rem);row-gap:var(--global-kb-gap-md, 2rem);padding-top:0px;padding-bottom:0px;grid-template-columns:minmax(0, 1fr);}.kb-row-layout-id1527_c2f986-a6 > .kt-row-layout-overlay{opacity:0.30;}.kb-row-layout-id1527_c2f986-a6 .kt-row-layout-bottom-sep{height:100px;}.kb-row-layout-id1527_c2f986-a6 .kt-row-layout-bottom-sep svg{width:100%;}.kb-row-layout-id1527_c2f986-a6 .kt-row-layout-bottom-sep svg{fill:#ffffff!important;}@media all and (max-width: 1024px){.kb-row-layout-id1527_c2f986-a6 > .kt-row-column-wrap{grid-template-columns:minmax(0, 1fr);}}@media all and (max-width: 1024px){.kb-row-layout-id1527_c2f986-a6 .kt-row-layout-bottom-sep{height:px;}}@media all and (max-width: 1024px){.kb-row-layout-id1527_c2f986-a6 .kt-row-layout-bottom-sep svg{width:%;}}@media all and (max-width: 767px){.kb-row-layout-id1527_c2f986-a6 > .kt-row-column-wrap{grid-template-columns:minmax(0, 1fr);}.kb-row-layout-id1527_c2f986-a6 .kt-row-layout-bottom-sep{height:px;}.kb-row-layout-id1527_c2f986-a6 .kt-row-layout-bottom-sep svg{width:%;}}<\/style><div class=\"kb-row-layout-wrap kb-row-layout-id1527_c2f986-a6 alignnone wp-block-kadence-rowlayout\"><div class=\"kt-row-column-wrap kt-has-1-columns kt-row-layout-equal kt-tab-layout-inherit kt-mobile-layout-row kt-row-valign-top\">\n<style>.kadence-column1527_24507e-db > .kt-inside-inner-col,.kadence-column1527_24507e-db > .kt-inside-inner-col:before{border-top-left-radius:0px;border-top-right-radius:0px;border-bottom-right-radius:0px;border-bottom-left-radius:0px;}.kadence-column1527_24507e-db > .kt-inside-inner-col{column-gap:var(--global-kb-gap-sm, 1rem);}.kadence-column1527_24507e-db > .kt-inside-inner-col{flex-direction:column;}.kadence-column1527_24507e-db > .kt-inside-inner-col > .aligncenter{width:100%;}.kadence-column1527_24507e-db > .kt-inside-inner-col:before{opacity:0.3;}.kadence-column1527_24507e-db{position:relative;}@media all and (max-width: 1024px){.kadence-column1527_24507e-db > .kt-inside-inner-col{flex-direction:column;justify-content:center;}}@media all and (max-width: 767px){.kadence-column1527_24507e-db > .kt-inside-inner-col{flex-direction:column;justify-content:center;}}<\/style>\n<div class=\"wp-block-kadence-column kadence-column1527_24507e-db\"><div class=\"kt-inside-inner-col\">\n<h2 class=\"wp-block-heading has-text-align-center has-larger-font-size\"><mark style=\"background-color:rgba(0, 0, 0, 0)\" class=\"has-inline-color has-theme-palette-7-color\">Contact &amp; Informations<\/mark><\/h2>\n<\/div><\/div>\n\n<\/div><\/div><\/div><\/div>\n\n<\/div><\/div>\n\n<style>.kb-row-layout-id1527_d73001-f4 > .kt-row-column-wrap{align-content:start;}:where(.kb-row-layout-id1527_d73001-f4 > .kt-row-column-wrap) > .wp-block-kadence-column{justify-content:start;}.kb-row-layout-id1527_d73001-f4 > .kt-row-column-wrap{column-gap:var(--global-kb-gap-lg, 4rem);row-gap:var(--global-kb-gap-none, 0rem );max-width:760px;margin-left:auto;margin-right:auto;padding-right:var(--global-kb-spacing-xxl, 5rem);padding-bottom:var(--global-kb-spacing-xl, 4rem);padding-left:var(--global-kb-spacing-xxl, 5rem);grid-template-columns:minmax(0, 1fr);}.kb-row-layout-id1527_d73001-f4{background-image:url('https:\/\/consulat-seychelles.mc\/wp-content\/uploads\/2024\/01\/277096654_5644154635612867_3030991384715441437_n.jpg');background-size:cover;background-position:center center;background-attachment:scroll;background-repeat:no-repeat;}.kb-row-layout-id1527_d73001-f4 > .kt-row-layout-overlay{opacity:0.30;}.kb-row-layout-id1527_d73001-f4 .kt-row-layout-top-sep{height:49px;}.kb-row-layout-id1527_d73001-f4 .kt-row-layout-top-sep svg{width:100%;}.kb-row-layout-id1527_d73001-f4 .kt-row-layout-top-sep svg{fill:#ffffff!important;}@media all and (max-width: 1024px){.kb-row-layout-id1527_d73001-f4 > .kt-row-column-wrap{row-gap:var(--global-kb-gap-sm, 1rem);grid-template-columns:minmax(0, 1fr);}}@media all and (max-width: 767px){.kb-row-layout-id1527_d73001-f4 > .kt-row-column-wrap{row-gap:var(--global-kb-gap-sm, 1rem);padding-top:var(--global-kb-spacing-xs, 1rem);padding-right:var(--global-kb-spacing-xs, 1rem);padding-bottom:var(--global-kb-spacing-xs, 1rem);padding-left:var(--global-kb-spacing-xs, 1rem);grid-template-columns:minmax(0, 1fr);}}<\/style><div class=\"kb-row-layout-wrap kb-row-layout-id1527_d73001-f4 alignfull has-theme-palette4-background-color kt-row-has-bg wp-block-kadence-rowlayout\"><div class=\"kt-row-layout-top-sep kt-row-sep-type-mtns\"><svg viewBox=\"0 0 1000 100\" preserveAspectRatio=\"none\"><path d=\"M1000,50l-182.69,-45.286l-292.031,61.197l-190.875,-41.075l-143.748,28.794l-190.656,-23.63l0,70l1000,0l0,-50Z\" style=\"opacity: 0.4\" \/><path d=\"M1000,57l-152.781,-22.589l-214.383,19.81l-159.318,-21.471l-177.44,25.875l-192.722,5.627l-103.356,-27.275l0,63.023l1000,0l0,-43Z\" \/><\/svg><\/div><div class=\"kt-row-column-wrap kt-has-1-columns kt-row-layout-equal kt-tab-layout-inherit kt-mobile-layout-row kt-row-valign-top\">\n<style>.kadence-column1527_eea229-54 > .kt-inside-inner-col{padding-top:var(--global-kb-spacing-sm, 1.5rem);padding-right:var(--global-kb-spacing-xl, 4rem);padding-bottom:var(--global-kb-spacing-lg, 3rem);padding-left:var(--global-kb-spacing-xl, 4rem);}.kadence-column1527_eea229-54 > .kt-inside-inner-col,.kadence-column1527_eea229-54 > .kt-inside-inner-col:before{border-top-left-radius:0px;border-top-right-radius:0px;border-bottom-right-radius:0px;border-bottom-left-radius:0px;}.kadence-column1527_eea229-54 > .kt-inside-inner-col{column-gap:var(--global-kb-gap-sm, 1rem);}.kadence-column1527_eea229-54 > .kt-inside-inner-col{flex-direction:column;}.kadence-column1527_eea229-54 > .kt-inside-inner-col > .aligncenter{width:100%;}.kadence-column1527_eea229-54 > .kt-inside-inner-col{background-color:var(--global-palette3, #1A202C);}.kadence-column1527_eea229-54 > .kt-inside-inner-col:before{opacity:0.3;}.kadence-column1527_eea229-54{position:relative;}@media all and (max-width: 1024px){.kadence-column1527_eea229-54 > .kt-inside-inner-col{flex-direction:column;justify-content:center;}}@media all and (max-width: 767px){.kadence-column1527_eea229-54 > .kt-inside-inner-col{padding-top:var(--global-kb-spacing-sm, 1.5rem);padding-right:var(--global-kb-spacing-sm, 1.5rem);padding-bottom:var(--global-kb-spacing-sm, 1.5rem);padding-left:var(--global-kb-spacing-sm, 1.5rem);flex-direction:column;justify-content:center;}}<\/style>\n<div class=\"wp-block-kadence-column kadence-column1527_eea229-54 inner-column-2\"><div class=\"kt-inside-inner-col\"><style>.wp-block-kadence-advancedheading.kt-adv-heading1527_1c29d3-df, .wp-block-kadence-advancedheading.kt-adv-heading1527_1c29d3-df[data-kb-block=\"kb-adv-heading1527_1c29d3-df\"]{max-width:1000px;margin-right:auto;margin-left:auto;padding-bottom:var(--global-kb-spacing-sm, 1.5rem);margin-bottom:0px;text-align:center;font-size:var(--global-kb-font-size-xl, 3rem);line-height:1.2;font-style:normal;}.wp-block-kadence-advancedheading.kt-adv-heading1527_1c29d3-df mark.kt-highlight, .wp-block-kadence-advancedheading.kt-adv-heading1527_1c29d3-df[data-kb-block=\"kb-adv-heading1527_1c29d3-df\"] mark.kt-highlight{font-style:normal;color:#f76a0c;-webkit-box-decoration-break:clone;box-decoration-break:clone;padding-top:0px;padding-right:0px;padding-bottom:0px;padding-left:0px;}.wp-block-kadence-advancedheading.kt-adv-heading1527_1c29d3-df img.kb-inline-image, .wp-block-kadence-advancedheading.kt-adv-heading1527_1c29d3-df[data-kb-block=\"kb-adv-heading1527_1c29d3-df\"] img.kb-inline-image{width:150px;vertical-align:baseline;}<\/style>\n<h3 class=\"kt-adv-heading1527_1c29d3-df wp-block-kadence-advancedheading has-theme-palette-9-color has-text-color\" data-kb-block=\"kb-adv-heading1527_1c29d3-df\"><mark style=\"background-color:rgba(0, 0, 0, 0)\" class=\"has-inline-color has-theme-palette-7-color\">Nous contacter<\/mark><\/h3>\n\n\n<style>.wp-block-kadence-advanced-form2658-cpt-id{background:var(--global-palette3, #1A202C);}.wp-block-kadence-advanced-form2658-cpt-id .kb-advanced-form{gap:var(--global-kb-gap-sm, 1rem);}.wp-block-kadence-advanced-form2658-cpt-id .kb-advanced-form input[type=text],.wp-block-kadence-advanced-form2658-cpt-id .kb-advanced-form input[type=tel],.wp-block-kadence-advanced-form2658-cpt-id .kb-advanced-form input[type=number],.wp-block-kadence-advanced-form2658-cpt-id .kb-advanced-form input[type=date],.wp-block-kadence-advanced-form2658-cpt-id .kb-advanced-form input[type=time],.wp-block-kadence-advanced-form2658-cpt-id .kb-advanced-form input[type=email],.wp-block-kadence-advanced-form2658-cpt-id .kb-advanced-form input[type=file],.wp-block-kadence-advanced-form2658-cpt-id .kb-advanced-form select,.wp-block-kadence-advanced-form2658-cpt-id .kb-advanced-form textarea{font-size:var(--global-kb-font-size-sm, 0.9rem);color:var(--global-palette4, #2D3748);border-top:1px solid var(--global-palette6, #718096);border-right:1px solid var(--global-palette6, #718096);border-bottom:1px solid var(--global-palette6, #718096);border-left:1px solid var(--global-palette6, #718096);}.wp-block-kadence-advanced-form2658-cpt-id{--kb-form-text-color:var(--global-palette4, #2D3748);--kb-form-background-color:var(--global-palette9, #ffffff);--kb-form-border-width:1px;--kb-form-border-color:var(--global-palette6, #718096);}.wp-block-kadence-advanced-form2658-cpt-id{--kb-form-placeholder-color:var(--global-palette1, #3182CE);}.wp-block-kadence-advanced-form2658-cpt-id input[type=text]:focus,.wp-block-kadence-advanced-form2658-cpt-id input[type=email]:focus,.wp-block-kadence-advanced-form2658-cpt-id input[type=tel]:focus,.wp-block-kadence-advanced-form2658-cpt-id input[type=date]:focus,.wp-block-kadence-advanced-form2658-cpt-id input[type=number]:focus,.wp-block-kadence-advanced-form2658-cpt-id input[type=time]:focus,.wp-block-kadence-advanced-form2658-cpt-id input[type=file]:focus,.wp-block-kadence-advanced-form2658-cpt-id select:focus,.wp-block-kadence-advanced-form2658-cpt-id textarea:focus{border-color:var(--global-palette7, #EDF2F7);}.wp-block-kadence-advanced-form2658-cpt-id .kb-adv-form-field .kb-adv-form-label{color:var(--global-palette9, #ffffff);}@media all and (max-width: 1024px){.wp-block-kadence-advanced-form2658-cpt-id .kb-advanced-form input[type=text],.wp-block-kadence-advanced-form2658-cpt-id .kb-advanced-form input[type=tel],.wp-block-kadence-advanced-form2658-cpt-id .kb-advanced-form input[type=number],.wp-block-kadence-advanced-form2658-cpt-id .kb-advanced-form input[type=date],.wp-block-kadence-advanced-form2658-cpt-id .kb-advanced-form input[type=time],.wp-block-kadence-advanced-form2658-cpt-id .kb-advanced-form input[type=email],.wp-block-kadence-advanced-form2658-cpt-id .kb-advanced-form input[type=file],.wp-block-kadence-advanced-form2658-cpt-id .kb-advanced-form select,.wp-block-kadence-advanced-form2658-cpt-id .kb-advanced-form textarea{border-top:1px solid var(--global-palette6, #718096);border-right:1px solid var(--global-palette6, #718096);border-bottom:1px solid var(--global-palette6, #718096);border-left:1px solid var(--global-palette6, #718096);}}@media all and (max-width: 767px){.wp-block-kadence-advanced-form2658-cpt-id .kb-advanced-form input[type=text],.wp-block-kadence-advanced-form2658-cpt-id .kb-advanced-form input[type=tel],.wp-block-kadence-advanced-form2658-cpt-id .kb-advanced-form input[type=number],.wp-block-kadence-advanced-form2658-cpt-id .kb-advanced-form input[type=date],.wp-block-kadence-advanced-form2658-cpt-id .kb-advanced-form input[type=time],.wp-block-kadence-advanced-form2658-cpt-id .kb-advanced-form input[type=email],.wp-block-kadence-advanced-form2658-cpt-id .kb-advanced-form input[type=file],.wp-block-kadence-advanced-form2658-cpt-id .kb-advanced-form select,.wp-block-kadence-advanced-form2658-cpt-id .kb-advanced-form textarea{border-top:1px solid var(--global-palette6, #718096);border-right:1px solid var(--global-palette6, #718096);border-bottom:1px solid var(--global-palette6, #718096);border-left:1px solid var(--global-palette6, #718096);}}<\/style><div class=\"wp-block-kadence-advanced-form wp-block-kadence-advanced-form2658-cpt-id kb-adv-form-label-style-normal kb-adv-form-input-size-standard kb-form-has-background wp-block-kadence-advanced-form\"><form id=\"kb-adv-form-2658-cpt-id\" class=\"kb-advanced-form\" method=\"post\" data-error-message=\"Corrigez les erreurs pour soumettre le formulaire.\">\n<style>.kb-row-layout-id1527_269b30-3d > .kt-row-column-wrap{align-content:start;}:where(.kb-row-layout-id1527_269b30-3d > .kt-row-column-wrap) > .wp-block-kadence-column{justify-content:start;}.kb-row-layout-id1527_269b30-3d > .kt-row-column-wrap{column-gap:var(--global-kb-gap-md, 2rem);row-gap:var(--global-kb-gap-md, 2rem);padding-top:0px;padding-right:0px;padding-bottom:0px;padding-left:0px;grid-template-columns:repeat(2, minmax(0, 1fr));}.kb-row-layout-id1527_269b30-3d > .kt-row-layout-overlay{opacity:0.30;}@media all and (max-width: 1024px){.kb-row-layout-id1527_269b30-3d > .kt-row-column-wrap{grid-template-columns:repeat(2, minmax(0, 1fr));}}@media all and (max-width: 767px){.kb-row-layout-id1527_269b30-3d > .kt-row-column-wrap{grid-template-columns:minmax(0, 1fr);}}<\/style><div class=\"kb-row-layout-wrap kb-row-layout-id1527_269b30-3d alignnone wp-block-kadence-rowlayout\"><div class=\"kt-row-column-wrap kt-has-2-columns kt-row-layout-equal kt-tab-layout-inherit kt-mobile-layout-row kt-row-valign-top\">\n<style>.kadence-column1527_390e6e-2c > .kt-inside-inner-col,.kadence-column1527_390e6e-2c > .kt-inside-inner-col:before{border-top-left-radius:0px;border-top-right-radius:0px;border-bottom-right-radius:0px;border-bottom-left-radius:0px;}.kadence-column1527_390e6e-2c > .kt-inside-inner-col{column-gap:var(--global-kb-gap-sm, 1rem);}.kadence-column1527_390e6e-2c > .kt-inside-inner-col{flex-direction:column;}.kadence-column1527_390e6e-2c > .kt-inside-inner-col > .aligncenter{width:100%;}.kadence-column1527_390e6e-2c > .kt-inside-inner-col:before{opacity:0.3;}.kadence-column1527_390e6e-2c{position:relative;}@media all and (max-width: 1024px){.kadence-column1527_390e6e-2c > .kt-inside-inner-col{flex-direction:column;justify-content:center;}}@media all and (max-width: 767px){.kadence-column1527_390e6e-2c > .kt-inside-inner-col{flex-direction:column;justify-content:center;}}<\/style>\n<div class=\"wp-block-kadence-column kadence-column1527_390e6e-2c\"><div class=\"kt-inside-inner-col\"><div class=\"kb-adv-form-field kb-adv-form-text-type-input kb-adv-form-infield-type-input kb-field26585150ba-22 wp-block-kadence-advanced-form-text\"><label class=\"kb-adv-form-label\" for=\"field26585150ba-22\">Nom<span class=\"kb-adv-form-required\">*<\/span><\/label><input name=\"field5150ba-22\" id=\"field26585150ba-22\" data-label=\"Nom\" type=\"text\" placeholder=\"\" value=\"\" data-type=\"text\" class=\"kb-field kb-text-field\" data-required=\"yes\" required aria-required=\"true\"\/><\/div>\n\n<div class=\"kb-adv-form-field kb-adv-form-text-type-input kb-adv-form-infield-type-input kb-field2658c770f0-2d wp-block-kadence-advanced-form-text\"><label class=\"kb-adv-form-label\" for=\"field2658c770f0-2d\">Pr\u00e9nom<span class=\"kb-adv-form-required\">*<\/span><\/label><input name=\"fieldc770f0-2d\" id=\"field2658c770f0-2d\" data-label=\"Pr\u00e9nom\" type=\"text\" placeholder=\"\" value=\"\" data-type=\"text\" class=\"kb-field kb-text-field\" data-required=\"yes\" required aria-required=\"true\"\/><\/div><\/div><\/div>\n\n\n<style>.kadence-column1527_c9097f-34 > .kt-inside-inner-col,.kadence-column1527_c9097f-34 > .kt-inside-inner-col:before{border-top-left-radius:0px;border-top-right-radius:0px;border-bottom-right-radius:0px;border-bottom-left-radius:0px;}.kadence-column1527_c9097f-34 > .kt-inside-inner-col{column-gap:var(--global-kb-gap-sm, 1rem);}.kadence-column1527_c9097f-34 > .kt-inside-inner-col{flex-direction:column;}.kadence-column1527_c9097f-34 > .kt-inside-inner-col > .aligncenter{width:100%;}.kadence-column1527_c9097f-34 > .kt-inside-inner-col:before{opacity:0.3;}.kadence-column1527_c9097f-34{position:relative;}@media all and (max-width: 1024px){.kadence-column1527_c9097f-34 > .kt-inside-inner-col{flex-direction:column;justify-content:center;}}@media all and (max-width: 767px){.kadence-column1527_c9097f-34 > .kt-inside-inner-col{flex-direction:column;justify-content:center;}}<\/style>\n<div class=\"wp-block-kadence-column kadence-column1527_c9097f-34\"><div class=\"kt-inside-inner-col\"><div class=\"kb-adv-form-field kb-adv-form-text-type-input kb-adv-form-infield-type-input kb-field26583cf100-81 wp-block-kadence-advanced-form-email\"><label class=\"kb-adv-form-label\" for=\"field26583cf100-81\">E-mail<span class=\"kb-adv-form-required\">*<\/span><\/label><input name=\"field3cf100-81\" id=\"field26583cf100-81\" data-label=\"E-mail\" type=\"email\" placeholder=\"\" value=\"\" data-type=\"email\" class=\"kb-field kb-email-field\" data-required=\"yes\" required aria-required=\"true\"\/><\/div><\/div><\/div>\n\n<\/div><\/div>\n\n<div class=\"kb-adv-form-field kb-adv-form-text-type-input kb-adv-form-infield-type-input kb-field265846fe6e-12 wp-block-kadence-advanced-form-textarea\"><label class=\"kb-adv-form-label\" for=\"field265846fe6e-12\">Message<span class=\"kb-adv-form-required\">*<\/span><\/label><textarea name=\"field46fe6e-12\" id=\"field265846fe6e-12\" rows=\"3\"  data-label=\"Message\" placeholder=\"\" data-type=\"textarea\" class=\"kb-field kb-textarea-field\" data-required=\"yes\" required aria-required=\"true\"><\/textarea><\/div>\n\n<style>.kb-submit-field .kb-btnab25f5-31.kb-button, ul.menu .kb-submit-field .kb-btnab25f5-31.kb-button{width:325px;}.kb-submit-field .kb-btnab25f5-31.kb-button{font-family:Arial, Helvetica, sans-serif;}.kb-btnab25f5-31.kb-button .kb-svg-icon-wrap{font-size:18px;}.kb-submit-field.kb-fieldab25f5-31{justify-content:center;}<\/style><div class=\"kb-adv-form-field kb-submit-field kb-fieldab25f5-31 wp-block-kadence-advanced-form-submit\"><button class=\"kb-button kt-button button kb-adv-form-submit-button kb-btnab25f5-31 kt-btn-size-standard kt-btn-width-type-fixed kb-btn-global-fill kt-btn-has-text-true kt-btn-has-svg-true\" type=\"submit\"><span class=\"kb-svg-icon-wrap kb-svg-icon-fe_send kt-btn-icon-side-left\"><svg viewBox=\"0 0 24 24\"  fill=\"none\" stroke=\"currentColor\" stroke-width=\"2\" stroke-linecap=\"round\" stroke-linejoin=\"round\" xmlns=\"http:\/\/www.w3.org\/2000\/svg\"  aria-hidden=\"true\"><line x1=\"22\" y1=\"2\" x2=\"11\" y2=\"13\"\/><polygon points=\"22 2 15 22 11 13 2 9 22 2\"\/><\/svg><\/span><span class=\"kt-btn-inner-text\">Envoyer<\/span><\/button><\/div>\n<input type=\"hidden\" name=\"_kb_adv_form_post_id\" value=\"2658\"><input type=\"hidden\" name=\"action\" value=\"kb_process_advanced_form_submit\"><input type=\"hidden\" name=\"_kb_adv_form_id\" value=\"2658-cpt-id\"><\/form><\/div><\/div><\/div>\n\n<\/div><\/div>\n\n\n<div class=\"wp-block-columns alignfull are-vertically-aligned-center has-theme-palette-4-background-color has-background is-layout-flex wp-container-core-columns-is-layout-1 wp-block-columns-is-layout-flex\">\n<div class=\"wp-block-column is-vertically-aligned-center is-layout-flow wp-block-column-is-layout-flow\">\n<h3 class=\"wp-block-heading has-text-align-center has-large-font-size\"><mark style=\"background-color:rgba(0, 0, 0, 0)\" class=\"has-inline-color has-theme-palette-7-color\">Informations pratiques<\/mark><\/h3>\n\n\n\n<p class=\"has-text-align-center has-theme-palette-7-color has-text-color has-small-font-size\">Nous nous tenons \u00e0 votre disposition pour toute demande.<\/p>\n\n\n\n<p class=\"has-text-align-center has-theme-palette-7-color has-text-color has-small-font-size\" style=\"padding-right:var(--wp--preset--spacing--70);padding-left:var(--wp--preset--spacing--70)\"><strong>Le Consulat G\u00e9n\u00e9ral Honoraire de la R\u00e9publique des Seychelles \u00e0 Monaco n\u2019est pas habilit\u00e9 \u00e0 d\u00e9livrer les Visas, o\u00f9 \u00e0 effectuer des actes administratifs.<\/strong><\/p>\n\n\n\n<p class=\"has-text-align-center has-theme-palette-7-color has-text-color has-small-font-size\">Ces demandes doivent \u00eatre adress\u00e9es directement \u00e0 l\u2019Ambassade des Seychelles \u00e0 Bruxelles&nbsp;:<\/p>\n\n\n\n<p class=\"has-text-align-center has-theme-palette-7-color has-text-color has-small-font-size\">Par t\u00e9l\u00e9phone :&nbsp;<a href=\"tel:+3227336055\">(+32) 2 733 60 55<\/a><br>Par mail :&nbsp;<a href=\"mailto:brussels@seychellesgov.com\">brussels@seychellesgov.com<\/a><\/p>\n<\/div>\n<\/div>\n\n\n\n<p><\/p>\n","protected":false},"excerpt":{"rendered":"<p>Contact &amp; Informations Nous contacter Informations pratiques Nous nous tenons \u00e0 votre disposition pour toute demande. Le Consulat G\u00e9n\u00e9ral Honoraire de la R\u00e9publique des Seychelles \u00e0 Monaco n\u2019est pas habilit\u00e9&#8230;<\/p>\n","protected":false},"author":1,"featured_media":0,"parent":0,"menu_order":0,"comment_status":"closed","ping_status":"closed","template":"","meta":{"_EventAllDay":false,"_EventTimezone":"","_EventStartDate":"","_EventEndDate":"","_EventStartDateUTC":"","_EventEndDateUTC":"","_EventShowMap":false,"_EventShowMapLink":false,"_EventURL":"","_EventCost":"","_EventCostDescription":"","_EventCurrencySymbol":"","_EventCurrencyCode":"","_EventCurrencyPosition":"","_EventDateTimeSeparator":"","_EventTimeRangeSeparator":"","_EventOrganizerID":[],"_EventVenueID":[],"_OrganizerEmail":"","_OrganizerPhone":"","_OrganizerWebsite":"","_VenueAddress":"","_VenueCity":"","_VenueCountry":"","_VenueProvince":"","_VenueState":"","_VenueZip":"","_VenuePhone":"","_VenueURL":"","_VenueStateProvince":"","_VenueLat":"","_VenueLng":"","_VenueShowMap":false,"_VenueShowMapLink":false,"_kadence_starter_templates_imported_post":false,"_kad_post_transparent":"","_kad_post_title":"","_kad_post_layout":"","_kad_post_sidebar_id":"","_kad_post_content_style":"","_kad_post_vertical_padding":"","_kad_post_feature":"","_kad_post_feature_position":"","_kad_post_header":false,"_kad_post_footer":false,"footnotes":""},"class_list":["post-1527","page","type-page","status-publish","hentry"],"_links":{"self":[{"href":"https:\/\/consulat-seychelles.mc\/index.php?rest_route=\/wp\/v2\/pages\/1527"}],"collection":[{"href":"https:\/\/consulat-seychelles.mc\/index.php?rest_route=\/wp\/v2\/pages"}],"about":[{"href":"https:\/\/consulat-seychelles.mc\/index.php?rest_route=\/wp\/v2\/types\/page"}],"author":[{"embeddable":true,"href":"https:\/\/consulat-seychelles.mc\/index.php?rest_route=\/wp\/v2\/users\/1"}],"replies":[{"embeddable":true,"href":"https:\/\/consulat-seychelles.mc\/index.php?rest_route=%2Fwp%2Fv2%2Fcomments&post=1527"}],"version-history":[{"count":62,"href":"https:\/\/consulat-seychelles.mc\/index.php?rest_route=\/wp\/v2\/pages\/1527\/revisions"}],"predecessor-version":[{"id":3438,"href":"https:\/\/consulat-seychelles.mc\/index.php?rest_route=\/wp\/v2\/pages\/1527\/revisions\/3438"}],"wp:attachment":[{"href":"https:\/\/consulat-seychelles.mc\/index.php?rest_route=%2Fwp%2Fv2%2Fmedia&parent=1527"}],"curies":[{"name":"wp","href":"https:\/\/api.w.org\/{rel}","templated":true}]}}